{"id":867,"date":"2025-07-21T08:02:51","date_gmt":"2025-07-21T08:02:51","guid":{"rendered":"https:\/\/numivit.com\/product\/silica\/"},"modified":"2026-04-13T11:48:55","modified_gmt":"2026-04-13T11:48:55","slug":"silica","status":"publish","type":"product","link":"https:\/\/numivit.com\/sl\/izdelek\/silica\/","title":{"rendered":"Silica"},"content":{"rendered":"<p>Liquid Silicon zdru\u017euje organsko vezan silicij v lahko absorbljivi teko\u010di obliki, ki zagotavlja 196 mg silicija na dnevni odmerek, dopolnjenega z 2 mg mangana in 1 mg bakra \u2013 kar pokriva 100 % priporo\u010denega dnevnega vnosa (PDV) za vsakega od teh mineralov. Formula je zasnovana za podporo strukturni celovitosti vezivnih tkiv, elasti\u010dnosti ko\u017ee, mo\u010dnim nohtom in lasem ter zdravju kosti in sklepov.<\/p>\n<p>Silicij je klju\u010dna sestavina kolagena in elastina, ki sta bistvena za mladostno ko\u017eo, mo\u010dne nohte, pro\u017ene sklepe in tvorbo kostne mase. Raziskave ka\u017eejo, da silicij prispeva k bolj gladki povr\u0161ini ko\u017ee, manj\u0161i lomljivosti nohtov in las ter podpira mineralizacijo kosti, zlasti pri starej\u0161ih posameznikih.<\/p>\n<p>Sinergi\u010dno dodan mangan podpira ohranjanje vezivnega tkiva in zdravje kosti, medtem ko baker prispeva k normalni pigmentaciji ko\u017ee in las, kar dodatno podpira vitalnost in videz.<\/p>\n<p>Liquid Silicon je na voljo v \u010disti, enostavni teko\u010di obliki \u2013 primeren za vsakodnevno u\u017eivanje, bodisi razred\u010den v vodi bodisi neposredno. Ena stekleni\u010dka s 500 ml zagotavlja zadostno koli\u010dino za dolgotrajno uporabo.<\/p>\n","protected":false},"excerpt":{"rendered":"<p>Liquid Silicon vsebuje 196 mg silicija na dnevni odmerek ter dodan mangan in baker, ki podpirata vezivna tkiva, vitalnost ko\u017ee ter zdravje kosti in sklepov.<br \/>\nVsaka stekleni\u010dka vsebuje 500 ml \u2013 zadostno koli\u010dino za dolgotrajno uporabo.<\/p>\n","protected":false},"featured_media":744,"comment_status":"open","ping_status":"closed","template":"","meta":{"_acf_changed":false,"inline_featured_image":false},"product_brand":[20],"product_cat":[43],"product_tag":[57],"class_list":{"0":"post-867","1":"product","2":"type-product","3":"status-publish","4":"has-post-thumbnail","6":"product_brand-numivit","7":"product_cat-prehransko-dopolnilo","8":"product_tag-silica","10":"first","11":"instock","12":"featured","13":"taxable","14":"shipping-taxable","15":"purchasable","16":"product-type-simple"},"acf":[],"_links":{"self":[{"href":"https:\/\/numivit.com\/sl\/wp-json\/wp\/v2\/product\/867","targetHints":{"allow":["GET"]}}],"collection":[{"href":"https:\/\/numivit.com\/sl\/wp-json\/wp\/v2\/product"}],"about":[{"href":"https:\/\/numivit.com\/sl\/wp-json\/wp\/v2\/types\/product"}],"replies":[{"embeddable":true,"href":"https:\/\/numivit.com\/sl\/wp-json\/wp\/v2\/comments?post=867"}],"wp:featuredmedia":[{"embeddable":true,"href":"https:\/\/numivit.com\/sl\/wp-json\/wp\/v2\/media\/744"}],"wp:attachment":[{"href":"https:\/\/numivit.com\/sl\/wp-json\/wp\/v2\/media?parent=867"}],"wp:term":[{"taxonomy":"product_brand","embeddable":true,"href":"https:\/\/numivit.com\/sl\/wp-json\/wp\/v2\/product_brand?post=867"},{"taxonomy":"product_cat","embeddable":true,"href":"https:\/\/numivit.com\/sl\/wp-json\/wp\/v2\/product_cat?post=867"},{"taxonomy":"product_tag","embeddable":true,"href":"https:\/\/numivit.com\/sl\/wp-json\/wp\/v2\/product_tag?post=867"}],"curies":[{"name":"wp","href":"https:\/\/api.w.org\/{rel}","templated":true}]}}