{"id":865,"date":"2025-07-21T08:13:37","date_gmt":"2025-07-21T08:13:37","guid":{"rendered":"https:\/\/numivit.com\/product\/chromium\/"},"modified":"2026-04-13T11:47:04","modified_gmt":"2026-04-13T11:47:04","slug":"krom","status":"publish","type":"product","link":"https:\/\/numivit.com\/sl\/izdelek\/krom\/","title":{"rendered":"Krom"},"content":{"rendered":"<p>Chromium Glucoopti 150 ml je visokokakovinsko teko\u010de prehransko dopolnilo, ki vsebuje biolo\u0161ko razpolo\u017eljivo obliko kromovega pikolinata. Krom je bistven element v sledovih, ki podpira uravnavanje krvnega sladkorja, pove\u010duje ob\u010dutljivost na inzulin in prispeva k splo\u0161nemu presnavljanju makrohranil.<\/p>\n<p>Teko\u010da oblika omogo\u010da hitro absorpcijo in je idealna izbira za vse, ki i\u0161\u010dejo \u010disto, vegansko prijazno dopolnilo brez glutena, laktoze, GSO ali umetnih dodatkov. Z osve\u017eujo\u010dim naravnim okusom limone in enostavnim odmerjanjem se popolnoma prilega sodobnemu \u017eivljenjskemu slogu. Ena stekleni\u010dka zagotavlja 30 odmerkov kroma za ohranjanje stabilne energije in presnovnega ravnovesja.<\/p>\n","protected":false},"excerpt":{"rendered":"<p>Chromium Glucoopti 150 ml je vrhunsko teko\u010de prehransko dopolnilo, zasnovano za podporo normalni presnovi krvnega sladkorja, delovanju inzulina in ravni energije.<br \/>\nTeko\u010da oblika zagotavlja hitro in u\u010dinkovito absorpcijo.<br \/>\nEna stekleni\u010dka vsebuje 150 ml \u2013 dovolj za 30 dni redne uporabe.<\/p>\n","protected":false},"featured_media":736,"comment_status":"open","ping_status":"closed","template":"","meta":{"_acf_changed":false,"inline_featured_image":false},"product_brand":[20],"product_cat":[43],"product_tag":[56],"class_list":{"0":"post-865","1":"product","2":"type-product","3":"status-publish","4":"has-post-thumbnail","6":"product_brand-numivit","7":"product_cat-prehransko-dopolnilo","8":"product_tag-chromium","10":"first","11":"instock","12":"featured","13":"taxable","14":"shipping-taxable","15":"purchasable","16":"product-type-simple"},"acf":[],"_links":{"self":[{"href":"https:\/\/numivit.com\/sl\/wp-json\/wp\/v2\/product\/865","targetHints":{"allow":["GET"]}}],"collection":[{"href":"https:\/\/numivit.com\/sl\/wp-json\/wp\/v2\/product"}],"about":[{"href":"https:\/\/numivit.com\/sl\/wp-json\/wp\/v2\/types\/product"}],"replies":[{"embeddable":true,"href":"https:\/\/numivit.com\/sl\/wp-json\/wp\/v2\/comments?post=865"}],"wp:featuredmedia":[{"embeddable":true,"href":"https:\/\/numivit.com\/sl\/wp-json\/wp\/v2\/media\/736"}],"wp:attachment":[{"href":"https:\/\/numivit.com\/sl\/wp-json\/wp\/v2\/media?parent=865"}],"wp:term":[{"taxonomy":"product_brand","embeddable":true,"href":"https:\/\/numivit.com\/sl\/wp-json\/wp\/v2\/product_brand?post=865"},{"taxonomy":"product_cat","embeddable":true,"href":"https:\/\/numivit.com\/sl\/wp-json\/wp\/v2\/product_cat?post=865"},{"taxonomy":"product_tag","embeddable":true,"href":"https:\/\/numivit.com\/sl\/wp-json\/wp\/v2\/product_tag?post=865"}],"curies":[{"name":"wp","href":"https:\/\/api.w.org\/{rel}","templated":true}]}}