{"id":860,"date":"2025-05-15T14:12:11","date_gmt":"2025-05-15T14:12:11","guid":{"rendered":"https:\/\/numivit.com\/product\/respire-nac\/"},"modified":"2026-04-13T11:50:36","modified_gmt":"2026-04-13T11:50:36","slug":"respire-nac","status":"publish","type":"product","link":"https:\/\/numivit.com\/sl\/izdelek\/respire-nac\/","title":{"rendered":"RespiRe NAC"},"content":{"rendered":"<p>Respire NAC 150 ml je mo\u010dno teko\u010de prehransko dopolnilo, ki vsebuje visoko koncentracijo N-acetil L-cisteina (NAC), predhodnika glutationa \u2013 glavnega antioksidanta v telesu. NAC podpira zdravje dihal, saj pomaga pri odstranjevanju sluzi in za\u0161\u010diti dihalnih poti. Prav tako ima klju\u010dno vlogo pri antioksidativni za\u0161\u010diti in razstrupljanju, podpira zdravje jeter ter splo\u0161no vitalnost.<\/p>\n<p>Teko\u010da oblika zagotavlja hitro in u\u010dinkovito absorpcijo, zato je priro\u010dna izbira za vsakodnevno uporabo. Vsaka stekleni\u010dka vsebuje 30 odmerkov in je brez laktoze, glutena, GSO, umetnih barvil in konzervansov. Z blagim naravnim okusom citrusov in enostavnim odmerjanjem se Respire NAC brez te\u017eav vklju\u010di v va\u0161o dnevno rutino dobrega po\u010dutja.<\/p>\n","protected":false},"excerpt":{"rendered":"<p>Respire NAC 150 ml je vrhunsko teko\u010de prehransko dopolnilo, ki vsebuje N-acetil L-cistein (NAC) in je zasnovano za podporo zdravju dihal, antioksidativni za\u0161\u010diti ter razstrupljanju. Teko\u010da oblika zagotavlja optimalno absorpcijo. Vsaka stekleni\u010dka vsebuje 150 ml \u2013 dovolj za 30 dni vsakodnevne uporabe.<\/p>\n","protected":false},"featured_media":741,"comment_status":"open","ping_status":"closed","template":"","meta":{"_acf_changed":false,"inline_featured_image":false},"product_brand":[20],"product_cat":[43],"product_tag":[46],"class_list":{"0":"post-860","1":"product","2":"type-product","3":"status-publish","4":"has-post-thumbnail","6":"product_brand-numivit","7":"product_cat-prehransko-dopolnilo","8":"product_tag-respire-nac","10":"first","11":"instock","12":"featured","13":"taxable","14":"shipping-taxable","15":"purchasable","16":"product-type-simple"},"acf":[],"_links":{"self":[{"href":"https:\/\/numivit.com\/sl\/wp-json\/wp\/v2\/product\/860","targetHints":{"allow":["GET"]}}],"collection":[{"href":"https:\/\/numivit.com\/sl\/wp-json\/wp\/v2\/product"}],"about":[{"href":"https:\/\/numivit.com\/sl\/wp-json\/wp\/v2\/types\/product"}],"replies":[{"embeddable":true,"href":"https:\/\/numivit.com\/sl\/wp-json\/wp\/v2\/comments?post=860"}],"wp:featuredmedia":[{"embeddable":true,"href":"https:\/\/numivit.com\/sl\/wp-json\/wp\/v2\/media\/741"}],"wp:attachment":[{"href":"https:\/\/numivit.com\/sl\/wp-json\/wp\/v2\/media?parent=860"}],"wp:term":[{"taxonomy":"product_brand","embeddable":true,"href":"https:\/\/numivit.com\/sl\/wp-json\/wp\/v2\/product_brand?post=860"},{"taxonomy":"product_cat","embeddable":true,"href":"https:\/\/numivit.com\/sl\/wp-json\/wp\/v2\/product_cat?post=860"},{"taxonomy":"product_tag","embeddable":true,"href":"https:\/\/numivit.com\/sl\/wp-json\/wp\/v2\/product_tag?post=860"}],"curies":[{"name":"wp","href":"https:\/\/api.w.org\/{rel}","templated":true}]}}