{"id":842,"date":"2025-07-21T09:03:53","date_gmt":"2025-07-21T09:03:53","guid":{"rendered":"https:\/\/numivit.com\/product\/folic-acid\/"},"modified":"2026-04-13T11:45:24","modified_gmt":"2026-04-13T11:45:24","slug":"folna-kislina","status":"publish","type":"product","link":"https:\/\/numivit.com\/sl\/izdelek\/folna-kislina\/","title":{"rendered":"Folna kislina"},"content":{"rendered":"<p>Folic Acid 250 ml je visokokakovostno teko\u010de prehransko dopolnilo, ki vsebuje lahko absorbljiv metilfolat \u2013 aktivno obliko folne kisline, nujno za sintezo DNK, celi\u010dno delitev in nastajanje rde\u010dih krvnih celic. \u0160e posebej je pomembna za \u017eenske v rodni dobi in med nose\u010dnostjo, saj podpira razvoj ploda ter pomaga prepre\u010devati napake nevralne cevi.<\/p>\n<p>Teko\u010da oblika omogo\u010da hitro absorpcijo in prilagodljivo odmerjanje, kar je idealno za tiste, ki ne \u017eelijo pogoltniti kapsul ali tablet. Vsaka stekleni\u010dka zadostuje za do 63 odmerkov, izdelek pa ne vsebuje laktoze, glutena, GSO, umetnih barvil ali konzervansov \u2013 za \u010disto in naravno formulo.<\/p>\n<p>Redno u\u017eivanje izdelka Folic Acid 250 ml lahko prispeva k zdravemu rasti in razvoju, ohranjanju ravni energije ter uravnote\u017eenemu metabolizmu homocisteina za dolgoro\u010dno zdravje.<\/p>\n","protected":false},"excerpt":{"rendered":"<p>Folic Acid 250 ml je vrhunsko teko\u010de prehransko dopolnilo, zasnovano za podporo zdravi celi\u010dni delitvi, prenatalnemu zdravju in normalnemu nastajanju krvi. Teko\u010da oblika zagotavlja hitro absorpcijo. Vsaka stekleni\u010dka s 250 ml zadostuje za do 63 dni redne uporabe.<\/p>\n","protected":false},"featured_media":738,"comment_status":"open","ping_status":"closed","template":"","meta":{"_acf_changed":false,"inline_featured_image":false},"product_brand":[20],"product_cat":[43],"product_tag":[50],"class_list":{"0":"post-842","1":"product","2":"type-product","3":"status-publish","4":"has-post-thumbnail","6":"product_brand-numivit","7":"product_cat-prehransko-dopolnilo","8":"product_tag-folic-acid","10":"first","11":"instock","12":"featured","13":"taxable","14":"shipping-taxable","15":"purchasable","16":"product-type-simple"},"acf":[],"_links":{"self":[{"href":"https:\/\/numivit.com\/sl\/wp-json\/wp\/v2\/product\/842","targetHints":{"allow":["GET"]}}],"collection":[{"href":"https:\/\/numivit.com\/sl\/wp-json\/wp\/v2\/product"}],"about":[{"href":"https:\/\/numivit.com\/sl\/wp-json\/wp\/v2\/types\/product"}],"replies":[{"embeddable":true,"href":"https:\/\/numivit.com\/sl\/wp-json\/wp\/v2\/comments?post=842"}],"wp:featuredmedia":[{"embeddable":true,"href":"https:\/\/numivit.com\/sl\/wp-json\/wp\/v2\/media\/738"}],"wp:attachment":[{"href":"https:\/\/numivit.com\/sl\/wp-json\/wp\/v2\/media?parent=842"}],"wp:term":[{"taxonomy":"product_brand","embeddable":true,"href":"https:\/\/numivit.com\/sl\/wp-json\/wp\/v2\/product_brand?post=842"},{"taxonomy":"product_cat","embeddable":true,"href":"https:\/\/numivit.com\/sl\/wp-json\/wp\/v2\/product_cat?post=842"},{"taxonomy":"product_tag","embeddable":true,"href":"https:\/\/numivit.com\/sl\/wp-json\/wp\/v2\/product_tag?post=842"}],"curies":[{"name":"wp","href":"https:\/\/api.w.org\/{rel}","templated":true}]}}