{"id":837,"date":"2025-05-15T13:50:33","date_gmt":"2025-05-15T13:50:33","guid":{"rendered":"https:\/\/numivit.com\/product\/zinc\/"},"modified":"2026-04-13T11:51:27","modified_gmt":"2026-04-13T11:51:27","slug":"cink","status":"publish","type":"product","link":"https:\/\/numivit.com\/sl\/izdelek\/cink\/","title":{"rendered":"Cink"},"content":{"rendered":"<p>Zinc 250 ml je skrbno oblikovano teko\u010de prehransko dopolnilo, ki vsebuje cink bisglicinat \u2013 eno najbolje absorbljenih in najla\u017eje prebavljivih oblik cinka. Cink je klju\u010den za podporo imunskemu sistemu, regeneracijo ko\u017ee in kognitivno zdravje ter sodeluje v ve\u010d kot 300 encimskih procesih v telesu.<\/p>\n<p>Teko\u010da oblika omogo\u010da hitro absorpcijo in je priro\u010dna za vsakodnevno uporabo. Vsaka stekleni\u010dka zadostuje za do 63 odmerkov in ne vsebuje laktoze, glutena, GSO, natrijevega benzoata ali umetnih barvil. Prijeten naravni okus omogo\u010da enostavno vklju\u010ditev v va\u0161o dnevno rutino.<\/p>\n<p>Redna uporaba izdelka Zinc 250 ml lahko okrepi naravne obrambne mehanizme telesa, podpira obnovo ko\u017ee, spodbuja optimalen energijski metabolizem in prispeva k splo\u0161ni vitalnosti.<\/p>\n","protected":false},"excerpt":{"rendered":"<p>Zinc 250 ml je vrhunsko teko\u010de prehransko dopolnilo, ki podpira delovanje imunskega sistema, regeneracijo ko\u017ee in presnovne procese. Teko\u010da oblika omogo\u010da hitro in u\u010dinkovito absorpcijo. Vsaka stekleni\u010dka vsebuje 250 ml \u2013 dovolj za do 63 dni redne uporabe.<\/p>\n","protected":false},"featured_media":747,"comment_status":"open","ping_status":"closed","template":"","meta":{"_acf_changed":false,"inline_featured_image":false},"product_brand":[20],"product_cat":[43],"product_tag":[49],"class_list":{"0":"post-837","1":"product","2":"type-product","3":"status-publish","4":"has-post-thumbnail","6":"product_brand-numivit","7":"product_cat-prehransko-dopolnilo","8":"product_tag-zinc","10":"first","11":"instock","12":"featured","13":"taxable","14":"shipping-taxable","15":"purchasable","16":"product-type-simple"},"acf":[],"_links":{"self":[{"href":"https:\/\/numivit.com\/sl\/wp-json\/wp\/v2\/product\/837","targetHints":{"allow":["GET"]}}],"collection":[{"href":"https:\/\/numivit.com\/sl\/wp-json\/wp\/v2\/product"}],"about":[{"href":"https:\/\/numivit.com\/sl\/wp-json\/wp\/v2\/types\/product"}],"replies":[{"embeddable":true,"href":"https:\/\/numivit.com\/sl\/wp-json\/wp\/v2\/comments?post=837"}],"wp:featuredmedia":[{"embeddable":true,"href":"https:\/\/numivit.com\/sl\/wp-json\/wp\/v2\/media\/747"}],"wp:attachment":[{"href":"https:\/\/numivit.com\/sl\/wp-json\/wp\/v2\/media?parent=837"}],"wp:term":[{"taxonomy":"product_brand","embeddable":true,"href":"https:\/\/numivit.com\/sl\/wp-json\/wp\/v2\/product_brand?post=837"},{"taxonomy":"product_cat","embeddable":true,"href":"https:\/\/numivit.com\/sl\/wp-json\/wp\/v2\/product_cat?post=837"},{"taxonomy":"product_tag","embeddable":true,"href":"https:\/\/numivit.com\/sl\/wp-json\/wp\/v2\/product_tag?post=837"}],"curies":[{"name":"wp","href":"https:\/\/api.w.org\/{rel}","templated":true}]}}