{"id":773,"date":"2025-07-21T08:04:37","date_gmt":"2025-07-21T08:04:37","guid":{"rendered":"https:\/\/numivit.com\/product\/chlorophyll\/"},"modified":"2026-04-13T11:47:52","modified_gmt":"2026-04-13T11:47:52","slug":"klorofil","status":"publish","type":"product","link":"https:\/\/numivit.com\/sl\/izdelek\/klorofil\/","title":{"rendered":"Klorofil"},"content":{"rendered":"<p>Teko\u010di klorofil je sodoben prehranski dodatek na rastlinski osnovi, ki zdru\u017euje koristi natrijevega bakrovega klorofilina in bakra v priro\u010dni, enostavni teko\u010di obliki. Vsak dnevni odmerek zagotavlja 100 % referen\u010dne vrednosti hranil (NRV) za baker \u2013 bistven element v sledovih, ki ima v telesu \u0161tevilne pomembne vloge. Baker prispeva k ohranjanju normalnega vezivnega tkiva, presnovi energije ter podpira delovanje \u017eiv\u010dnega in imunskega sistema, poleg tega pa pomaga \u0161\u010dititi celice pred oksidativnim stresom.<\/p>\n<p>Z naravno osve\u017eilnim okusom zelene jabolke in limete je ta dodatek idealen za vse, ki raje posegajo po teko\u010dinah kot po kapsulah ali tabletah. Namenjen je dolgotrajni uporabi \u2013 ena stekleni\u010dka zado\u0161\u010da za do 100 dni rednega u\u017eivanja. Vklju\u010ditev teko\u010dega klorofila v va\u0161o dnevno rutino podpira splo\u0161no po\u010dutje in dopolnjuje uravnote\u017een, zdrav \u017eivljenjski slog.<\/p>\n","protected":false},"excerpt":{"rendered":"<p>Podprite svoje telo na naraven na\u010din s teko\u010dim klorofilom \u2013 rastlinskim prehranskim dopolnilom, obogatenim z bakrom, ki pomaga ohranjati zdravo vezivno tkivo, \u0161\u010diti celice pred oksidativnim stresom ter prispeva k zdravju ko\u017ee in las. Z osve\u017eilnim okusom zelene jabolke in limete je odli\u010dna dnevna popestritev va\u0161e rutine dobrega po\u010dutja.<\/p>\n","protected":false},"featured_media":735,"comment_status":"open","ping_status":"closed","template":"","meta":{"_acf_changed":false,"inline_featured_image":false},"product_brand":[20],"product_cat":[43],"product_tag":[46],"class_list":{"0":"post-773","1":"product","2":"type-product","3":"status-publish","4":"has-post-thumbnail","6":"product_brand-numivit","7":"product_cat-prehransko-dopolnilo","8":"product_tag-respire-nac","10":"first","11":"instock","12":"featured","13":"taxable","14":"shipping-taxable","15":"purchasable","16":"product-type-simple"},"acf":[],"_links":{"self":[{"href":"https:\/\/numivit.com\/sl\/wp-json\/wp\/v2\/product\/773","targetHints":{"allow":["GET"]}}],"collection":[{"href":"https:\/\/numivit.com\/sl\/wp-json\/wp\/v2\/product"}],"about":[{"href":"https:\/\/numivit.com\/sl\/wp-json\/wp\/v2\/types\/product"}],"replies":[{"embeddable":true,"href":"https:\/\/numivit.com\/sl\/wp-json\/wp\/v2\/comments?post=773"}],"wp:featuredmedia":[{"embeddable":true,"href":"https:\/\/numivit.com\/sl\/wp-json\/wp\/v2\/media\/735"}],"wp:attachment":[{"href":"https:\/\/numivit.com\/sl\/wp-json\/wp\/v2\/media?parent=773"}],"wp:term":[{"taxonomy":"product_brand","embeddable":true,"href":"https:\/\/numivit.com\/sl\/wp-json\/wp\/v2\/product_brand?post=773"},{"taxonomy":"product_cat","embeddable":true,"href":"https:\/\/numivit.com\/sl\/wp-json\/wp\/v2\/product_cat?post=773"},{"taxonomy":"product_tag","embeddable":true,"href":"https:\/\/numivit.com\/sl\/wp-json\/wp\/v2\/product_tag?post=773"}],"curies":[{"name":"wp","href":"https:\/\/api.w.org\/{rel}","templated":true}]}}